{"id":141,"date":"2014-03-10T18:14:10","date_gmt":"2014-03-10T16:14:10","guid":{"rendered":"http:\/\/www.hendrikbloem.bplaced.net\/wordpress\/?page_id=141"},"modified":"2018-03-04T09:18:38","modified_gmt":"2018-03-04T08:18:38","slug":"contact","status":"publish","type":"page","link":"https:\/\/www.hendrikbloem.de\/?page_id=141","title":{"rendered":""},"content":{"rendered":"<p><strong>IMPRESSUM<\/strong><\/p>\n<p style=\"text-align: justify;\"><a href=\"https:\/\/www.hendrikbloem.de\/wp-content\/uploads\/2014\/03\/Unbenannt-1.jpg\"><img loading=\"lazy\" decoding=\"async\" class=\"alignnone  wp-image-832\" src=\"https:\/\/www.hendrikbloem.de\/wp-content\/uploads\/2014\/03\/Unbenannt-1.jpg\" alt=\"Unbenannt-1\" width=\"144\" height=\"74\" \/><\/a><br \/>\nFotografie | Darstellung von Projekten | Darstellung und Ver\u00f6ffentlichung von Bildgalerien, Bildberichten, Aufs\u00e4tzen, Reportagen, Novellen, Essays und sonstigen Texte, auch deren Vertonungen.<\/p>\n<p style=\"text-align: justify;\">Kontakt:<br \/>\nTelefon: +49 (NULL) VIER VIER EINS | 936 53 226<br \/>\nE-Mail: hendrikbloem(at)gmx.de<\/p>\n<p style=\"text-align: justify;\">Quelle: eRecht24, Rechtsanwalt f\u00fcr Internetrecht S\u00f6ren Siebert<br \/>\nRechtsbeistand: Rechtsanwalt Fritz Wolff, Bielefeld (im Folgenden \u201ewir\u201c)<\/p>\n<p style=\"text-align: justify;\"><strong>Haftungsausschluss<\/strong><\/p>\n<p style=\"text-align: justify;\">Haftung f\u00fcr Inhalte<br \/>\nDer Inhalt der Webseite ist urheberrechtlich gesch\u00fctzt. Die Vervielf\u00e4ltigung von Informationen oder Daten, insbesondere die Verwendung von Fotografien, von Texten, Textteilen, Tonbeitr\u00e4gen, deren Ausz\u00fcge incl. Bilden und Grafiken bedarf der vorherigen Zustimmung von Henrik Bloem. Die Titel und die Inhalte der Novellen sind gesch\u00fctzt und d\u00fcrfen nicht ohne Zustimmung von Hendrik Bloem verwendet werden. Die Inhalte unserer Seiten wurden mit gr\u00f6\u00dfter Sorgfalt erstellt. F\u00fcr die Richtigkeit, Vollst\u00e4ndigkeit und Aktualit\u00e4t der Inhalte k\u00f6nnen wir jedoch keine Gew\u00e4hr \u00fcbernehmen. Wir sind f\u00fcr eigene Inhalte auf diesen Seiten nach den allgemeinen Gesetzen verantwortlich. Wir sind jedoch nicht verpflichtet, \u00fcbermittelte oder gespeicherte fremde Informationen zu \u00fcberwachen oder nach Umst\u00e4nden zu forschen, die auf eine rechtswidrige T\u00e4tigkeit hinweisen. Verpflichtungen zur Entfernung oder Sperrung der Nutzung von Informationen nach den allgemeinen Gesetzen bleiben hiervon unber\u00fchrt. Eine diesbez\u00fcgliche Haftung ist jedoch erst ab dem Zeitpunkt der Kenntnis einer konkreten Rechtsverletzung m\u00f6glich. Bei Bekanntwerden von entsprechenden Rechtsverletzungen werden wir diese Inhalte umgehend entfernen.<\/p>\n<p style=\"text-align: justify;\">Haftung f\u00fcr Links<br \/>\nUnser Webauftritt kann Links zu externen Webseiten Dritter enthalten, auf deren Inhalte wir keinen Einfluss haben. Deshalb k\u00f6nnen wir f\u00fcr diese fremden Inhalte auch keine Gew\u00e4hr \u00fcbernehmen. F\u00fcr die Inhalte der verlinkten Seiten ist stets der jeweilige Anbieter oder Betreiber der Seiten verantwortlich. Die verlinkten Seiten wurden zum Zeitpunkt der Verlinkung auf m\u00f6gliche Rechtsverst\u00f6\u00dfe \u00fcberpr\u00fcft. Rechtswidrige Inhalte waren zum Zeitpunkt der Verlinkung nicht erkennbar. Eine permanente inhaltliche Kontrolle der verlinkten Seiten ist jedoch ohne konkrete Anhaltspunkte einer Rechtsverletzung nicht zumutbar. Bei Bekanntwerden von Rechtsverletzungen werden wir derartige Links umgehend entfernen.<\/p>\n<p style=\"text-align: justify;\"><strong>Urheberrecht<\/strong><\/p>\n<p style=\"text-align: justify;\">Die durch die Seitenbetreiber erstellten Inhalte und Werke auf diesen Seiten unterliegen dem deutschen Urheberrecht. Die Vervielf\u00e4ltigung, Bearbeitung, Verbreitung und jede Art der Verwertung au\u00dferhalb der Grenzen des Urheberrechtes bed\u00fcrfen der schriftlichen Zustimmung des jeweiligen Autors bzw. Erstellers. Downloads und Kopien dieser Seite sind nur f\u00fcr den privaten, nicht kommerziellen Gebrauch gestattet. Soweit die Inhalte auf dieser Seite nicht vom Betreiber erstellt wurden, werden die Urheberrechte Dritter beachtet. Insbesondere werden Inhalte Dritter als solche gekennzeichnet. Sollten Sie trotzdem auf eine Urheberrechtsverletzung aufmerksam werden, bitten wir um einen entsprechenden Hinweis. Bei Bekanntwerden von Rechtsverletzungen werden wir derartige Inhalte umgehend entfernen.<\/p>\n<p style=\"text-align: justify;\"><strong>Rechte Dritter<\/strong><\/p>\n<p style=\"text-align: justify;\">Es liegt Hendrik Bloem fern, auf diesem Webauftritt die Rechte Dritter zu verletzen: \u201eIch habe ein Bild unrechtm\u00e4\u00dfig verwendet? Nehmen Sie bitte <a href=\"https:\/\/www.hendrikbloem.de\/?page_id=141\">Kontakt<\/a> zu mir auf und ich pr\u00fcfe den Sachverhalt umgehend. Ihr Bild wird dann entfernt.\u201c Oldenburg, 29. Juni 2014 | Gez.: Hendrik Bloem.<\/p>\n<p style=\"text-align: justify;\">Quellen: Disclaimer eRecht24<\/p>\n<p style=\"text-align: justify;\">Webprogrammierung:<br \/>\nSelbst, <a href=\"http:\/\/wordpress.org\/\">WordPress<\/a>. Hendrik Bloem, Kontakt sh. oben.<\/p>\n<p style=\"text-align: justify;\">Opening Webauftritt: 29. Juni 2014<br \/>\nLetzte Seiten-Revision: 4. M\u00e4rz 2018<\/p>\n","protected":false},"excerpt":{"rendered":"<p>IMPRESSUM Fotografie | Darstellung von Projekten | Darstellung und Ver\u00f6ffentlichung von Bildgalerien, Bildberichten, Aufs\u00e4tzen, Reportagen, Novellen, Essays und sonstigen Texte, auch deren Vertonungen. Kontakt: Telefon: +49 (NULL) VIER VIER EINS | 936 53 226 E-Mail: hendrikbloem(at)gmx.de Quelle: eRecht24, Rechtsanwalt f\u00fcr &hellip; <a href=\"https:\/\/www.hendrikbloem.de\/?page_id=141\">Continue reading <span class=\"meta-nav\">&rarr;<\/span><\/a><\/p>\n","protected":false},"author":4,"featured_media":0,"parent":0,"menu_order":0,"comment_status":"closed","ping_status":"closed","template":"","meta":{"footnotes":""},"class_list":["post-141","page","type-page","status-publish","hentry"],"_links":{"self":[{"href":"https:\/\/www.hendrikbloem.de\/index.php?rest_route=\/wp\/v2\/pages\/141","targetHints":{"allow":["GET"]}}],"collection":[{"href":"https:\/\/www.hendrikbloem.de\/index.php?rest_route=\/wp\/v2\/pages"}],"about":[{"href":"https:\/\/www.hendrikbloem.de\/index.php?rest_route=\/wp\/v2\/types\/page"}],"author":[{"embeddable":true,"href":"https:\/\/www.hendrikbloem.de\/index.php?rest_route=\/wp\/v2\/users\/4"}],"replies":[{"embeddable":true,"href":"https:\/\/www.hendrikbloem.de\/index.php?rest_route=%2Fwp%2Fv2%2Fcomments&post=141"}],"version-history":[{"count":39,"href":"https:\/\/www.hendrikbloem.de\/index.php?rest_route=\/wp\/v2\/pages\/141\/revisions"}],"predecessor-version":[{"id":6166,"href":"https:\/\/www.hendrikbloem.de\/index.php?rest_route=\/wp\/v2\/pages\/141\/revisions\/6166"}],"wp:attachment":[{"href":"https:\/\/www.hendrikbloem.de\/index.php?rest_route=%2Fwp%2Fv2%2Fmedia&parent=141"}],"curies":[{"name":"wp","href":"https:\/\/api.w.org\/{rel}","templated":true}]}}